{"id":5,"date":"2023-03-15T14:20:18","date_gmt":"2023-03-15T14:20:18","guid":{"rendered":"https:\/\/friedensstationen.mur.at\/?page_id=5"},"modified":"2023-07-20T15:31:32","modified_gmt":"2023-07-20T15:31:32","slug":"friedensstationen","status":"publish","type":"page","link":"https:\/\/friedensstationen.mur.at\/","title":{"rendered":"Untitled"},"content":{"rendered":"\n<h1 class=\"wp-block-heading\"><strong>FRIEDENSSTATIONEN<\/strong><\/h1>\n\n\n\n<h1 class=\"wp-block-heading\"><strong>Stop the Motion \u2013 Haltestellenkinos<\/strong> <\/h1>\n\n\n\n<h2 class=\"wp-block-heading\"><strong>ein Kunst-im-\u00f6ffentlichen-Raum-Projekt von nicole pruckermayr<\/strong><\/h2>\n\n\n\n<figure class=\"wp-block-gallery has-nested-images columns-default is-cropped wp-block-gallery-1 is-layout-flex wp-block-gallery-is-layout-flex\">\n<figure class=\"wp-block-image size-full\"><img loading=\"lazy\" decoding=\"async\" width=\"544\" height=\"592\" data-id=\"28\" src=\"https:\/\/friedensstationen.mur.at\/wp-content\/uploads\/2023\/03\/Call-1.jpg\" alt=\"\" class=\"wp-image-28\" srcset=\"https:\/\/friedensstationen.mur.at\/wp-content\/uploads\/2023\/03\/Call-1.jpg 544w, https:\/\/friedensstationen.mur.at\/wp-content\/uploads\/2023\/03\/Call-1-276x300.jpg 276w\" sizes=\"auto, (max-width: 544px) 100vw, 544px\" \/><\/figure>\n\n\n\n<figure class=\"wp-block-image size-full\"><img loading=\"lazy\" decoding=\"async\" width=\"800\" height=\"533\" data-id=\"61\" src=\"http:\/\/friedensstationen.mur.at\/wp-content\/uploads\/2023\/07\/daum_friedenssationen_013.jpg\" alt=\"\" class=\"wp-image-61\" srcset=\"https:\/\/friedensstationen.mur.at\/wp-content\/uploads\/2023\/07\/daum_friedenssationen_013.jpg 800w, https:\/\/friedensstationen.mur.at\/wp-content\/uploads\/2023\/07\/daum_friedenssationen_013-300x200.jpg 300w, https:\/\/friedensstationen.mur.at\/wp-content\/uploads\/2023\/07\/daum_friedenssationen_013-768x512.jpg 768w\" sizes=\"auto, (max-width: 800px) 100vw, 800px\" \/><\/figure>\n<\/figure>\n\n\n\n<h3 class=\"wp-block-heading\"><strong>FRIEDEN \u2013 alle w\u00fcnschen sich Frieden!<\/strong><\/h3>\n\n\n\n<p>Wie gelingt das? Schon im Kleinen ist das Zusammenleben in der Gemeinschaft nicht einfach. Streit mit den Eltern, Freund:innen, Lehrer:innen &#8230; Alle wollen etwas, aber meistens nicht dasselbe. Es entsteht ein Konflikt. Ein Kn\u00e4uel \u2013 manchmal auch sehr verknotet. Wie kann das gel\u00f6st werden? \u2026 Und wie ist das erst, wenn viele Menschen auf einmal einen neuen Stadtteil beziehen? Wenn auf einmal viele Menschen an einem Ort zusammenkommen und unterschiedliche Vorstellungen aufeinandertreffen?<\/p>\n\n\n\n<p>Was passiert in Reininghaus oder rund um den Bertha-von-Suttner-Platz? Diese Orte sind beide neue st\u00e4dtische Wohngebiete in Graz. Viele Menschen ziehen neu hierher. Es entstehen neue Gemeinschaften. W\u00fcnsche liegen in der Luft: an die Gegend, an die Nachbar:innen, an die Wohnungen \u2026 nicht alles l\u00e4sst sich erf\u00fcllen, aber vieles vielleicht schon. Vor allem lassen sich viele Dinge ausdiskutieren und regeln, wenn sie gemeinschaftlich und friedvoll ausgemacht werden, wenn Menschen teilhaben k\u00f6nnen.<\/p>\n\n\n\n<p>Frieden muss immer wieder neu erarbeitet werden. Frieden entsteht nicht von alleine. Konflikte, Ausgrenzungen, Eifersucht, Neid, Ungleichbehandlungen gibt es \u00fcberall, wo viele Menschen sind.<\/p>\n\n\n\n<p>In Frieden miteinander leben. Wie geht das? Uns interessieren gro\u00dfe oder kleine filmische Arbeiten dazu.<\/p>\n\n\n\n<p><strong>Inhalte der Arbeiten sollten sein:<\/strong> Frieden, die Orte (Reininghaus, Bertha-von-Suttner-Platz), die Bauten, die vorhandene Kunst, die Menschen (dort Lebende\/Arbeitende\/Spazierende\/Vergangene), vor Ort stattgefundene Begebenheiten \u2026<\/p>\n\n\n\n<figure class=\"wp-block-gallery has-nested-images columns-default is-cropped wp-block-gallery-2 is-layout-flex wp-block-gallery-is-layout-flex\">\n<figure class=\"wp-block-image size-full\"><img loading=\"lazy\" decoding=\"async\" width=\"800\" height=\"533\" data-id=\"55\" src=\"http:\/\/friedensstationen.mur.at\/wp-content\/uploads\/2023\/07\/daum_friedenssationen_014.jpg\" alt=\"\" class=\"wp-image-55\" srcset=\"https:\/\/friedensstationen.mur.at\/wp-content\/uploads\/2023\/07\/daum_friedenssationen_014.jpg 800w, https:\/\/friedensstationen.mur.at\/wp-content\/uploads\/2023\/07\/daum_friedenssationen_014-300x200.jpg 300w, https:\/\/friedensstationen.mur.at\/wp-content\/uploads\/2023\/07\/daum_friedenssationen_014-768x512.jpg 768w\" sizes=\"auto, (max-width: 800px) 100vw, 800px\" \/><\/figure>\n<\/figure>\n\n\n\n<p>Das Haltestellenkino am 30. Juni bei der Haltestelle Reininghauspark.<\/p>\n\n\n\n<p><\/p>\n\n\n\n<p><\/p>\n\n\n\n<h2 class=\"wp-block-heading\"><strong>Videowettbewerb<\/strong><\/h2>\n\n\n\n<p>F\u00fcr das Haltestellenkino wurden Videos von Kindern und Jugendlichen unter 23 Jahren entwickelt und gesucht.&nbsp; Die AHS Reininghaus, NeMI, die HTBLVA Ortweinschule FILM UND MULTIMEDIAART machten mit. <\/p>\n\n\n\n<p>Gute Besprechungen, gute Workshops! Es war eine Freude die Kinder beim Arbeiten zu sehen. Es sind gute Ergebnisse. Eine sch\u00f6ne Pr\u00e4sentation bei der Station Reininghauspark.<\/p>\n\n\n\n<figure class=\"wp-block-image size-full\"><img loading=\"lazy\" decoding=\"async\" width=\"800\" height=\"533\" src=\"http:\/\/friedensstationen.mur.at\/wp-content\/uploads\/2023\/07\/daum_friedenssationen_010.jpg\" alt=\"\" class=\"wp-image-56\" srcset=\"https:\/\/friedensstationen.mur.at\/wp-content\/uploads\/2023\/07\/daum_friedenssationen_010.jpg 800w, https:\/\/friedensstationen.mur.at\/wp-content\/uploads\/2023\/07\/daum_friedenssationen_010-300x200.jpg 300w, https:\/\/friedensstationen.mur.at\/wp-content\/uploads\/2023\/07\/daum_friedenssationen_010-768x512.jpg 768w\" sizes=\"auto, (max-width: 800px) 100vw, 800px\" \/><\/figure>\n\n\n\n<figure class=\"wp-block-gallery has-nested-images columns-default is-cropped wp-block-gallery-3 is-layout-flex wp-block-gallery-is-layout-flex\">\n<figure class=\"wp-block-image size-full\"><img loading=\"lazy\" decoding=\"async\" width=\"1000\" height=\"667\" data-id=\"59\" src=\"http:\/\/friedensstationen.mur.at\/wp-content\/uploads\/2023\/07\/MG_3429.jpg\" alt=\"\" class=\"wp-image-59\" srcset=\"https:\/\/friedensstationen.mur.at\/wp-content\/uploads\/2023\/07\/MG_3429.jpg 1000w, https:\/\/friedensstationen.mur.at\/wp-content\/uploads\/2023\/07\/MG_3429-300x200.jpg 300w, https:\/\/friedensstationen.mur.at\/wp-content\/uploads\/2023\/07\/MG_3429-768x512.jpg 768w\" sizes=\"auto, (max-width: 1000px) 100vw, 1000px\" \/><\/figure>\n<\/figure>\n\n\n\n<p><strong>Uns interessierten EURE Zug\u00e4nge zu FRIEDEN filmisch verarbeitet \u2013 auch im Kleinen.<\/strong><\/p>\n\n\n\n<p>Die von der Jury (Edda Strobl, Lotte Schreiber, Dominik M\u00f6rth und nicole pruckermayr) ausgew\u00e4hlten Arbeiten wurden ex equo pr\u00e4miert und stammen von:<br><br>Fynn Pr\u00fcnster<\/p>\n\n\n\n<p>Tamara Gehwolf<\/p>\n\n\n\n<p>Julian Czermak<\/p>\n\n\n\n<figure class=\"wp-block-image size-full\"><img loading=\"lazy\" decoding=\"async\" width=\"800\" height=\"533\" src=\"http:\/\/friedensstationen.mur.at\/wp-content\/uploads\/2023\/07\/daum_friedenssationen_007.jpg\" alt=\"\" class=\"wp-image-57\" srcset=\"https:\/\/friedensstationen.mur.at\/wp-content\/uploads\/2023\/07\/daum_friedenssationen_007.jpg 800w, https:\/\/friedensstationen.mur.at\/wp-content\/uploads\/2023\/07\/daum_friedenssationen_007-300x200.jpg 300w, https:\/\/friedensstationen.mur.at\/wp-content\/uploads\/2023\/07\/daum_friedenssationen_007-768x512.jpg 768w\" sizes=\"auto, (max-width: 800px) 100vw, 800px\" \/><\/figure>\n\n\n\n<p>&#8230; sowie das Video \u201eLiebe ist Gl\u00fcck\u201c von Sch\u00fcler:innen der AHS Reininghaus:<\/p>\n\n\n\n<figure class=\"wp-block-image size-full\"><img loading=\"lazy\" decoding=\"async\" width=\"800\" height=\"533\" src=\"http:\/\/friedensstationen.mur.at\/wp-content\/uploads\/2023\/07\/daum_friedenssationen_010.jpg\" alt=\"\" class=\"wp-image-56\" srcset=\"https:\/\/friedensstationen.mur.at\/wp-content\/uploads\/2023\/07\/daum_friedenssationen_010.jpg 800w, https:\/\/friedensstationen.mur.at\/wp-content\/uploads\/2023\/07\/daum_friedenssationen_010-300x200.jpg 300w, https:\/\/friedensstationen.mur.at\/wp-content\/uploads\/2023\/07\/daum_friedenssationen_010-768x512.jpg 768w\" sizes=\"auto, (max-width: 800px) 100vw, 800px\" \/><\/figure>\n\n\n\n<figure class=\"wp-block-image size-full\"><img loading=\"lazy\" decoding=\"async\" width=\"1000\" height=\"667\" src=\"http:\/\/friedensstationen.mur.at\/wp-content\/uploads\/2023\/07\/MG_3459.jpg\" alt=\"\" class=\"wp-image-58\" srcset=\"https:\/\/friedensstationen.mur.at\/wp-content\/uploads\/2023\/07\/MG_3459.jpg 1000w, https:\/\/friedensstationen.mur.at\/wp-content\/uploads\/2023\/07\/MG_3459-300x200.jpg 300w, https:\/\/friedensstationen.mur.at\/wp-content\/uploads\/2023\/07\/MG_3459-768x512.jpg 768w\" sizes=\"auto, (max-width: 1000px) 100vw, 1000px\" \/><\/figure>\n\n\n\n<p>Eine Anerkennung gab es f\u00fcr:<br>\u201eGewaltfreie Stadt\u201c von Sch\u00fcler:innen der AHS Reininghaus<\/p>\n\n\n\n<p>Diese Videos sind f\u00fcr den \u00f6ffentlichen Raum geschaffen worden. Und am Bertha-von-Suttner-Platz wird nun der Monitor dauerhaft mit allen 15 Arbeiten bespielt. <\/p>\n\n\n\n<p>Die beiden Djane von eclectic loops hatten ihren ersten \u00f6ffentlichen Auftritt und gleich sehr viele Fans!<\/p>\n\n\n\n<figure class=\"wp-block-image size-full\"><img loading=\"lazy\" decoding=\"async\" width=\"800\" height=\"533\" src=\"http:\/\/friedensstationen.mur.at\/wp-content\/uploads\/2023\/07\/daum_friedenssationen_011.jpg\" alt=\"\" class=\"wp-image-62\" srcset=\"https:\/\/friedensstationen.mur.at\/wp-content\/uploads\/2023\/07\/daum_friedenssationen_011.jpg 800w, https:\/\/friedensstationen.mur.at\/wp-content\/uploads\/2023\/07\/daum_friedenssationen_011-300x200.jpg 300w, https:\/\/friedensstationen.mur.at\/wp-content\/uploads\/2023\/07\/daum_friedenssationen_011-768x512.jpg 768w\" sizes=\"auto, (max-width: 800px) 100vw, 800px\" \/><\/figure>\n\n\n\n<figure class=\"wp-block-image size-full\"><img loading=\"lazy\" decoding=\"async\" width=\"800\" height=\"533\" src=\"http:\/\/friedensstationen.mur.at\/wp-content\/uploads\/2023\/07\/daum_friedenssationen_012.jpg\" alt=\"\" class=\"wp-image-65\" srcset=\"https:\/\/friedensstationen.mur.at\/wp-content\/uploads\/2023\/07\/daum_friedenssationen_012.jpg 800w, https:\/\/friedensstationen.mur.at\/wp-content\/uploads\/2023\/07\/daum_friedenssationen_012-300x200.jpg 300w, https:\/\/friedensstationen.mur.at\/wp-content\/uploads\/2023\/07\/daum_friedenssationen_012-768x512.jpg 768w\" sizes=\"auto, (max-width: 800px) 100vw, 800px\" \/><\/figure>\n\n\n\n<p>Es gab einen friedlichen Austausch mit den Menschen vorort. <\/p>\n\n\n\n<p>Mit allen, die sich beteiligen wollten.<\/p>\n\n\n\n<p><\/p>\n\n\n\n<figure class=\"wp-block-image size-full\"><img loading=\"lazy\" decoding=\"async\" width=\"800\" height=\"533\" src=\"http:\/\/friedensstationen.mur.at\/wp-content\/uploads\/2023\/07\/daum_friedenssationen_002.jpg\" alt=\"\" class=\"wp-image-66\" srcset=\"https:\/\/friedensstationen.mur.at\/wp-content\/uploads\/2023\/07\/daum_friedenssationen_002.jpg 800w, https:\/\/friedensstationen.mur.at\/wp-content\/uploads\/2023\/07\/daum_friedenssationen_002-300x200.jpg 300w, https:\/\/friedensstationen.mur.at\/wp-content\/uploads\/2023\/07\/daum_friedenssationen_002-768x512.jpg 768w\" sizes=\"auto, (max-width: 800px) 100vw, 800px\" \/><\/figure>\n\n\n\n<p><\/p>\n\n\n\n<p><\/p>\n\n\n\n<p><\/p>\n\n\n\n<h2 class=\"wp-block-heading\">HALTESTELLENKINO am Bertha-von-Suttner-Platz<\/h2>\n\n\n\n<p>Ab Freitag, 30. Juni 2023 lauf die 15 eingesendeten Videos als Loop auf dem Monitor des Bertha-von-Suttner-W\u00fcrdigungstisches am Bertha-von-Suttner-Platz in Graz.<\/p>\n\n\n\n<figure class=\"wp-block-image size-full\"><img loading=\"lazy\" decoding=\"async\" width=\"667\" height=\"1000\" src=\"https:\/\/friedensstationen.mur.at\/wp-content\/uploads\/2023\/07\/MG_8637-Bearbeitet12.jpg\" alt=\"\" class=\"wp-image-81\" srcset=\"https:\/\/friedensstationen.mur.at\/wp-content\/uploads\/2023\/07\/MG_8637-Bearbeitet12.jpg 667w, https:\/\/friedensstationen.mur.at\/wp-content\/uploads\/2023\/07\/MG_8637-Bearbeitet12-200x300.jpg 200w\" sizes=\"auto, (max-width: 667px) 100vw, 667px\" \/><\/figure>\n\n\n\n<figure class=\"wp-block-gallery has-nested-images columns-default is-cropped wp-block-gallery-4 is-layout-flex wp-block-gallery-is-layout-flex\">\n<figure class=\"wp-block-image size-full\"><img loading=\"lazy\" decoding=\"async\" width=\"1000\" height=\"667\" data-id=\"79\" src=\"https:\/\/friedensstationen.mur.at\/wp-content\/uploads\/2023\/07\/MG_8644-Bearbeitet.jpg\" alt=\"\" class=\"wp-image-79\" srcset=\"https:\/\/friedensstationen.mur.at\/wp-content\/uploads\/2023\/07\/MG_8644-Bearbeitet.jpg 1000w, https:\/\/friedensstationen.mur.at\/wp-content\/uploads\/2023\/07\/MG_8644-Bearbeitet-300x200.jpg 300w, https:\/\/friedensstationen.mur.at\/wp-content\/uploads\/2023\/07\/MG_8644-Bearbeitet-768x512.jpg 768w\" sizes=\"auto, (max-width: 1000px) 100vw, 1000px\" \/><\/figure>\n\n\n\n<figure class=\"wp-block-image size-full\"><img loading=\"lazy\" decoding=\"async\" width=\"1000\" height=\"667\" data-id=\"93\" src=\"https:\/\/friedensstationen.mur.at\/wp-content\/uploads\/2023\/07\/MG_8644-Bearbeitet13-1.jpg\" alt=\"\" class=\"wp-image-93\" srcset=\"https:\/\/friedensstationen.mur.at\/wp-content\/uploads\/2023\/07\/MG_8644-Bearbeitet13-1.jpg 1000w, https:\/\/friedensstationen.mur.at\/wp-content\/uploads\/2023\/07\/MG_8644-Bearbeitet13-1-300x200.jpg 300w, https:\/\/friedensstationen.mur.at\/wp-content\/uploads\/2023\/07\/MG_8644-Bearbeitet13-1-768x512.jpg 768w\" sizes=\"auto, (max-width: 1000px) 100vw, 1000px\" \/><\/figure>\n\n\n\n<figure class=\"wp-block-image size-full\"><img loading=\"lazy\" decoding=\"async\" width=\"1000\" height=\"667\" data-id=\"92\" src=\"http:\/\/friedensstationen.mur.at\/wp-content\/uploads\/2023\/07\/MG_8645-Bearbeitet11.jpg\" alt=\"\" class=\"wp-image-92\" srcset=\"https:\/\/friedensstationen.mur.at\/wp-content\/uploads\/2023\/07\/MG_8645-Bearbeitet11.jpg 1000w, https:\/\/friedensstationen.mur.at\/wp-content\/uploads\/2023\/07\/MG_8645-Bearbeitet11-300x200.jpg 300w, https:\/\/friedensstationen.mur.at\/wp-content\/uploads\/2023\/07\/MG_8645-Bearbeitet11-768x512.jpg 768w\" sizes=\"auto, (max-width: 1000px) 100vw, 1000px\" \/><\/figure>\n<\/figure>\n\n\n\n<figure class=\"wp-block-image size-full\"><img loading=\"lazy\" decoding=\"async\" width=\"1000\" height=\"667\" src=\"https:\/\/friedensstationen.mur.at\/wp-content\/uploads\/2023\/07\/MG_8645-Bearbeitet7.jpg\" alt=\"\" class=\"wp-image-80\" srcset=\"https:\/\/friedensstationen.mur.at\/wp-content\/uploads\/2023\/07\/MG_8645-Bearbeitet7.jpg 1000w, https:\/\/friedensstationen.mur.at\/wp-content\/uploads\/2023\/07\/MG_8645-Bearbeitet7-300x200.jpg 300w, https:\/\/friedensstationen.mur.at\/wp-content\/uploads\/2023\/07\/MG_8645-Bearbeitet7-768x512.jpg 768w\" sizes=\"auto, (max-width: 1000px) 100vw, 1000px\" \/><\/figure>\n\n\n\n<p><\/p>\n\n\n\n<figure class=\"wp-block-gallery has-nested-images columns-default is-cropped wp-block-gallery-5 is-layout-flex wp-block-gallery-is-layout-flex\">\n<figure class=\"wp-block-image size-full\"><img loading=\"lazy\" decoding=\"async\" width=\"667\" height=\"1000\" data-id=\"82\" src=\"http:\/\/friedensstationen.mur.at\/wp-content\/uploads\/2023\/07\/MG_8637-Bearbeitet3.jpg\" alt=\"\" class=\"wp-image-82\" srcset=\"https:\/\/friedensstationen.mur.at\/wp-content\/uploads\/2023\/07\/MG_8637-Bearbeitet3.jpg 667w, https:\/\/friedensstationen.mur.at\/wp-content\/uploads\/2023\/07\/MG_8637-Bearbeitet3-200x300.jpg 200w\" sizes=\"auto, (max-width: 667px) 100vw, 667px\" \/><\/figure>\n<\/figure>\n\n\n\n<p><\/p>\n\n\n\n<figure class=\"wp-block-gallery has-nested-images columns-default is-cropped wp-block-gallery-6 is-layout-flex wp-block-gallery-is-layout-flex\">\n<figure class=\"wp-block-image size-full\"><img loading=\"lazy\" decoding=\"async\" width=\"1000\" height=\"667\" data-id=\"83\" src=\"https:\/\/friedensstationen.mur.at\/wp-content\/uploads\/2023\/07\/MG_8638-Bearbeitet6.jpg\" alt=\"\" class=\"wp-image-83\" srcset=\"https:\/\/friedensstationen.mur.at\/wp-content\/uploads\/2023\/07\/MG_8638-Bearbeitet6.jpg 1000w, https:\/\/friedensstationen.mur.at\/wp-content\/uploads\/2023\/07\/MG_8638-Bearbeitet6-300x200.jpg 300w, https:\/\/friedensstationen.mur.at\/wp-content\/uploads\/2023\/07\/MG_8638-Bearbeitet6-768x512.jpg 768w\" sizes=\"auto, (max-width: 1000px) 100vw, 1000px\" \/><\/figure>\n\n\n\n<figure class=\"wp-block-image size-full\"><img loading=\"lazy\" decoding=\"async\" width=\"1000\" height=\"667\" data-id=\"85\" src=\"https:\/\/friedensstationen.mur.at\/wp-content\/uploads\/2023\/07\/MG_8644-Bearbeitet9.jpg\" alt=\"\" class=\"wp-image-85\" srcset=\"https:\/\/friedensstationen.mur.at\/wp-content\/uploads\/2023\/07\/MG_8644-Bearbeitet9.jpg 1000w, https:\/\/friedensstationen.mur.at\/wp-content\/uploads\/2023\/07\/MG_8644-Bearbeitet9-300x200.jpg 300w, https:\/\/friedensstationen.mur.at\/wp-content\/uploads\/2023\/07\/MG_8644-Bearbeitet9-768x512.jpg 768w\" sizes=\"auto, (max-width: 1000px) 100vw, 1000px\" \/><\/figure>\n\n\n\n<figure class=\"wp-block-image size-full\"><img loading=\"lazy\" decoding=\"async\" width=\"1000\" height=\"667\" data-id=\"88\" src=\"http:\/\/friedensstationen.mur.at\/wp-content\/uploads\/2023\/07\/MG_8645-Bearbeitet.jpg\" alt=\"\" class=\"wp-image-88\" srcset=\"https:\/\/friedensstationen.mur.at\/wp-content\/uploads\/2023\/07\/MG_8645-Bearbeitet.jpg 1000w, https:\/\/friedensstationen.mur.at\/wp-content\/uploads\/2023\/07\/MG_8645-Bearbeitet-300x200.jpg 300w, https:\/\/friedensstationen.mur.at\/wp-content\/uploads\/2023\/07\/MG_8645-Bearbeitet-768x512.jpg 768w\" sizes=\"auto, (max-width: 1000px) 100vw, 1000px\" \/><\/figure>\n\n\n\n<figure class=\"wp-block-image size-full\"><img loading=\"lazy\" decoding=\"async\" width=\"1000\" height=\"667\" data-id=\"90\" src=\"https:\/\/friedensstationen.mur.at\/wp-content\/uploads\/2023\/07\/MG_8645-Bearbeitet10.jpg\" alt=\"\" class=\"wp-image-90\" srcset=\"https:\/\/friedensstationen.mur.at\/wp-content\/uploads\/2023\/07\/MG_8645-Bearbeitet10.jpg 1000w, https:\/\/friedensstationen.mur.at\/wp-content\/uploads\/2023\/07\/MG_8645-Bearbeitet10-300x200.jpg 300w, https:\/\/friedensstationen.mur.at\/wp-content\/uploads\/2023\/07\/MG_8645-Bearbeitet10-768x512.jpg 768w\" sizes=\"auto, (max-width: 1000px) 100vw, 1000px\" \/><\/figure>\n<\/figure>\n\n\n\n<p><\/p>\n\n\n\n<figure class=\"wp-block-gallery has-nested-images columns-default is-cropped wp-block-gallery-7 is-layout-flex wp-block-gallery-is-layout-flex\">\n<figure class=\"wp-block-image size-full\"><img loading=\"lazy\" decoding=\"async\" width=\"1000\" height=\"667\" data-id=\"91\" src=\"https:\/\/friedensstationen.mur.at\/wp-content\/uploads\/2023\/07\/MG_8645-Bearbeitet15.jpg\" alt=\"\" class=\"wp-image-91\" srcset=\"https:\/\/friedensstationen.mur.at\/wp-content\/uploads\/2023\/07\/MG_8645-Bearbeitet15.jpg 1000w, https:\/\/friedensstationen.mur.at\/wp-content\/uploads\/2023\/07\/MG_8645-Bearbeitet15-300x200.jpg 300w, https:\/\/friedensstationen.mur.at\/wp-content\/uploads\/2023\/07\/MG_8645-Bearbeitet15-768x512.jpg 768w\" sizes=\"auto, (max-width: 1000px) 100vw, 1000px\" \/><\/figure>\n\n\n\n<figure class=\"wp-block-image size-full\"><img loading=\"lazy\" decoding=\"async\" width=\"1000\" height=\"667\" data-id=\"93\" src=\"http:\/\/friedensstationen.mur.at\/wp-content\/uploads\/2023\/07\/MG_8644-Bearbeitet13-1.jpg\" alt=\"\" class=\"wp-image-93\" srcset=\"https:\/\/friedensstationen.mur.at\/wp-content\/uploads\/2023\/07\/MG_8644-Bearbeitet13-1.jpg 1000w, https:\/\/friedensstationen.mur.at\/wp-content\/uploads\/2023\/07\/MG_8644-Bearbeitet13-1-300x200.jpg 300w, https:\/\/friedensstationen.mur.at\/wp-content\/uploads\/2023\/07\/MG_8644-Bearbeitet13-1-768x512.jpg 768w\" sizes=\"auto, (max-width: 1000px) 100vw, 1000px\" \/><\/figure>\n<\/figure>\n\n\n\n<figure class=\"wp-block-image size-full\"><img loading=\"lazy\" decoding=\"async\" width=\"1000\" height=\"667\" src=\"http:\/\/friedensstationen.mur.at\/wp-content\/uploads\/2023\/07\/MG_8644-Bearbeitet5.jpg\" alt=\"\" class=\"wp-image-84\" srcset=\"https:\/\/friedensstationen.mur.at\/wp-content\/uploads\/2023\/07\/MG_8644-Bearbeitet5.jpg 1000w, https:\/\/friedensstationen.mur.at\/wp-content\/uploads\/2023\/07\/MG_8644-Bearbeitet5-300x200.jpg 300w, https:\/\/friedensstationen.mur.at\/wp-content\/uploads\/2023\/07\/MG_8644-Bearbeitet5-768x512.jpg 768w\" sizes=\"auto, (max-width: 1000px) 100vw, 1000px\" \/><\/figure>\n\n\n\n<p><\/p>\n\n\n\n<figure class=\"wp-block-image size-full\"><img loading=\"lazy\" decoding=\"async\" width=\"1000\" height=\"667\" src=\"http:\/\/friedensstationen.mur.at\/wp-content\/uploads\/2023\/07\/MG_8644-Bearbeitet14.jpg\" alt=\"\" class=\"wp-image-87\" srcset=\"https:\/\/friedensstationen.mur.at\/wp-content\/uploads\/2023\/07\/MG_8644-Bearbeitet14.jpg 1000w, https:\/\/friedensstationen.mur.at\/wp-content\/uploads\/2023\/07\/MG_8644-Bearbeitet14-300x200.jpg 300w, https:\/\/friedensstationen.mur.at\/wp-content\/uploads\/2023\/07\/MG_8644-Bearbeitet14-768x512.jpg 768w\" sizes=\"auto, (max-width: 1000px) 100vw, 1000px\" \/><\/figure>\n\n\n\n<p><\/p>\n\n\n\n<p>Alle Fotos: (C) jmz\/<a rel=\"noreferrer noopener\" href=\"https:\/\/www.raphaeldaum.com\/\" data-type=\"URL\" data-id=\"https:\/\/www.raphaeldaum.com\/\" target=\"_blank\">Raphael Daum<\/a><\/p>\n\n\n\n<p>Grafik: (C) <a href=\"https:\/\/eddastrobl.weblog.mur.at\/\">Edda Strobl<\/a><\/p>\n\n\n\n<!--more-->\n\n\n\n<pre class=\"wp-block-preformatted\"><\/pre>\n\n\n\n<h3 class=\"wp-block-heading\"><strong>Konzept\/Organisation\/Veranstalterin:<\/strong> <a href=\"https:\/\/umlaeute.mur.at\/Members\/nap\" data-type=\"URL\" data-id=\"https:\/\/umlaeute.mur.at\/Members\/nap\" target=\"_blank\" rel=\"noreferrer noopener\">nicole pruckermayr<\/a><\/h3>\n\n\n\n<h3 class=\"wp-block-heading\"><br><strong>IN KOOPERATION MIT und Dank an: <\/strong><\/h3>\n\n\n\n<p><a href=\"https:\/\/www.ahs-reininghaus.at\/\" target=\"_blank\" rel=\"noreferrer noopener\">AHS Reininghaus<\/a> (Bettina Dauphin, Veronika Hartinger, Ingrid Gehrke), Steirische Kulturinitiative, <a rel=\"noreferrer noopener\" href=\"https:\/\/www.ortweinschule.at\/portfolio\/film-und-multimediaart\/\" target=\"_blank\">HTBLVA Ortweinschule FILM UND MULTIMEDIAART<\/a> (Dominik M\u00f6rth, Jona Hoier, Christoph Korb, David Reischl \u2026 ), <a href=\"https:\/\/www.neuemedieninitiative.at\/\" target=\"_blank\" rel=\"noreferrer noopener\">NeMI<\/a> (Natascha Reiterer und Kristina Leitner), Steirische Kulturinitiative, <a rel=\"noreferrer noopener\" href=\"https:\/\/www.friedensbuero-graz.at\/\" target=\"_blank\">Friedensb\u00fcro Graz<\/a> (Jutta Willfurth), <a rel=\"noreferrer noopener\" href=\"https:\/\/kinderbuero.at\/\" data-type=\"URL\" data-id=\"https:\/\/kinderbuero.at\/\" target=\"_blank\">Kinderb\u00fcro \u2013 Die Lobby f\u00fcr Menschen bis 14<\/a> (Katja Hausleitner), HLW Schr\u00f6dingerstra\u00dfe (Jana Sch\u00e4fer und Max Zweytick), <a href=\"https:\/\/stadtteil-reininghaus.at\/\" data-type=\"URL\" data-id=\"https:\/\/stadtteil-reininghaus.at\/\">Stadtteilmanagement Reininghaus<\/a> (Julia Wohlfahrt, Daniel Huber), Verein Stadtteil Graz Reininghaus (Natalie Resch), <a href=\"https:\/\/kulturvermittlung.org\/\">Kulturvermittlung Steiermark<\/a>, Scherrer Audiotechnik, \u2026<\/p>\n\n\n\n<h2 class=\"wp-block-heading\"><strong>Danke f\u00fcr die Einreichungen!<\/strong><\/h2>\n\n\n\n<p>Dankenswerterweise gef\u00f6rdert von Land Steiermark und Stadt Graz<\/p>\n\n\n\n<figure class=\"wp-block-image size-large\"><img loading=\"lazy\" decoding=\"async\" width=\"1024\" height=\"886\" src=\"https:\/\/friedensstationen.mur.at\/wp-content\/uploads\/2023\/07\/Credits-1-1024x886.jpg\" alt=\"\" class=\"wp-image-72\" srcset=\"https:\/\/friedensstationen.mur.at\/wp-content\/uploads\/2023\/07\/Credits-1-1024x886.jpg 1024w, https:\/\/friedensstationen.mur.at\/wp-content\/uploads\/2023\/07\/Credits-1-300x260.jpg 300w, https:\/\/friedensstationen.mur.at\/wp-content\/uploads\/2023\/07\/Credits-1-768x664.jpg 768w, https:\/\/friedensstationen.mur.at\/wp-content\/uploads\/2023\/07\/Credits-1.jpg 1216w\" sizes=\"auto, (max-width: 1024px) 100vw, 1024px\" \/><\/figure>\n\n\n\n<p><\/p>\n\n\n\n<p>Homepage-Design: nicole pruckermayr<\/p>\n\n\n\n<p><\/p>\n\n\n\n<p>D A N K E<\/p>\n\n\n\n<p><\/p>\n\n\n\n<h2 class=\"wp-block-heading\">IMPRESSUM und f\u00fcr den Inhalt verantwortlich:<\/h2>\n\n\n\n<p>nicole pruckermayr \/\/ babenbergerstra\u00dfe 7, 8020 Graz +43\/6505662344<\/p>\n\n\n\n<p>frieden@umlaeute.mur.at <\/p>\n\n\n\n<p><\/p>\n\n\n\n<h4 class=\"wp-block-heading\">Datenschutz<\/h4>\n\n\n\n<p><strong>Kontakt mit mir<\/strong><br>Wenn Sie per E-Mail Kontakt mit mir aufnehmen, werden Ihre angegebenen Daten zwecks Bearbeitung der Anfrage bei mir gespeichert. Diese Daten gebe ich nicht ohne Ihre Einwilligung weiter.<\/p>\n\n\n\n<p><\/p>\n\n\n\n<p><\/p>\n\n\n\n<p><\/p>\n\n\n\n<p><\/p>\n\n\n\n<p>auch interessant &#8230;. <a href=\"https:\/\/friedenstische.mur.at\" target=\"_blank\" rel=\"noreferrer noopener\">https:\/\/friedenstische.mur.at<\/a><\/p>\n\n\n\n<p><\/p>\n","protected":false},"excerpt":{"rendered":"<p>FRIEDENSSTATIONEN Stop the Motion \u2013 Haltestellenkinos ein Kunst-im-\u00f6ffentlichen-Raum-Projekt von nicole pruckermayr FRIEDEN \u2013 alle w\u00fcnschen sich Frieden! Wie gelingt das? Schon im Kleinen ist das Zusammenleben in der Gemeinschaft nicht einfach. Streit mit den Eltern, Freund:innen, Lehrer:innen &#8230; Alle wollen etwas, aber meistens nicht dasselbe. Es entsteht ein Konflikt. Ein Kn\u00e4uel \u2013 manchmal auch sehr&hellip; <a class=\"more-link\" href=\"https:\/\/friedensstationen.mur.at\/\">Continue reading <span class=\"screen-reader-text\">Untitled<\/span><\/a><\/p>\n","protected":false},"author":1,"featured_media":0,"parent":0,"menu_order":0,"comment_status":"closed","ping_status":"closed","template":"","meta":{"footnotes":""},"class_list":["post-5","page","type-page","status-publish","hentry","entry"],"_links":{"self":[{"href":"https:\/\/friedensstationen.mur.at\/index.php\/wp-json\/wp\/v2\/pages\/5","targetHints":{"allow":["GET"]}}],"collection":[{"href":"https:\/\/friedensstationen.mur.at\/index.php\/wp-json\/wp\/v2\/pages"}],"about":[{"href":"https:\/\/friedensstationen.mur.at\/index.php\/wp-json\/wp\/v2\/types\/page"}],"author":[{"embeddable":true,"href":"https:\/\/friedensstationen.mur.at\/index.php\/wp-json\/wp\/v2\/users\/1"}],"replies":[{"embeddable":true,"href":"https:\/\/friedensstationen.mur.at\/index.php\/wp-json\/wp\/v2\/comments?post=5"}],"version-history":[{"count":25,"href":"https:\/\/friedensstationen.mur.at\/index.php\/wp-json\/wp\/v2\/pages\/5\/revisions"}],"predecessor-version":[{"id":98,"href":"https:\/\/friedensstationen.mur.at\/index.php\/wp-json\/wp\/v2\/pages\/5\/revisions\/98"}],"wp:attachment":[{"href":"https:\/\/friedensstationen.mur.at\/index.php\/wp-json\/wp\/v2\/media?parent=5"}],"curies":[{"name":"wp","href":"https:\/\/api.w.org\/{rel}","templated":true}]}}